{"id":630,"date":"2019-07-24T13:18:30","date_gmt":"2019-07-24T11:18:30","guid":{"rendered":"http:\/\/suministrosfontana.com\/?page_id=3"},"modified":"2019-07-24T13:18:30","modified_gmt":"2019-07-24T11:18:30","slug":"politica-privacidad","status":"publish","type":"page","link":"http:\/\/suministrosfontana.com\/en\/politica-privacidad\/","title":{"rendered":"Privacy policy"},"content":{"rendered":"<p>[et_pb_section fb_built=\u00bb1&#8243; _builder_version=\u00bb3.22&#8243;][et_pb_row _builder_version=\u00bb3.25&#8243; background_size=\u00bbinitial\u00bb background_position=\u00bbtop_left\u00bb background_repeat=\u00bbrepeat\u00bb][et_pb_column type=\u00bb4_4&#8243; _builder_version=\u00bb3.25&#8243; custom_padding=\u00bb|||\u00bb custom_padding__hover=\u00bb|||\u00bb][et_pb_text _builder_version=\u00bb3.26.3&#8243;]<\/p>\n<p>La titularidad del dominio en internet \u00a0<a href=\"http:\/\/WWW.SUMINISTROSFONTANA.COM\">WWW.SUMINISTROSFONTANA.COM<\/a>\u00a0corresponde a SUMINISTROS FONTANA FONTANERIA Y CALEFACCION S.L., con CIF: B-36.303.154 y con nombre comercial SUMINISTROS FONTANA<\/p>\n<p>&nbsp;<\/p>\n<p>El uso del sitio web implica la expresa y plena aceptaci\u00f3n de las condiciones aqu\u00ed expuestas, sin perjuicio de aquellas particulares que pudieran aplicarse a algunos de los servicios concretos ofrecidos a trav\u00e9s del sitio web.<\/p>\n<p>&nbsp;<\/p>\n<p>SUMINISTROS FONTANA FONTANERIA Y CALEFACCION S.L., se reserva el derecho de modificar en cualquier momento las presentes condiciones de uso, as\u00ed como cualesquiera otras condiciones particulares.<\/p>\n<p>&nbsp;<\/p>\n<p><strong>Propiedad Intelectual sobre los contenidos del sitio Web<\/strong><\/p>\n<p>&nbsp;<\/p>\n<p>Todos los elementos que forman el sitio Web, as\u00ed como su estructura, dise\u00f1o y c\u00f3digo fuente de la misma, son titularidad de SUMINISTROS FONTANA FONTANERIA Y CALEFACCION S.L. y est\u00e1n protegidos por la normativa de propiedad intelectual e industrial.<\/p>\n<p>&nbsp;<\/p>\n<p>Se proh\u00edbe la reproducci\u00f3n total o parcial de los contenidos de este sitio Web, as\u00ed como su modificaci\u00f3n y\/o distribuci\u00f3n sin citar su origen o solicitar previamente autorizaci\u00f3n.<\/p>\n<p>&nbsp;<\/p>\n<p>SUMINISTROS FONTANA FONTANERIA Y CALEFACCION S.L. no asumir\u00e1 ninguna responsabilidad derivada del uso por terceros del contenido del sitio Web y podr\u00e1 ejercitar todas las acciones civiles o penales que le correspondan en caso de infracci\u00f3n de estos derechos por parte del usuario.<\/p>\n<p>&nbsp;<\/p>\n<p><strong>Enlaces<\/strong><\/p>\n<p>&nbsp;<\/p>\n<p>Al seleccionar cualquiera de los enlaces (o hiperenlaces) que puedan aparecer en nuestro sitio web, Ud. acepta hacerlo a t\u00edtulo informativo y reconoce que SUMINISTROS FONTANA FONTANERIA Y CALEFACCION S.L. no ejerce ning\u00fan control sobre el, ni responde del contenido de la informaci\u00f3n a la que acceda.<\/p>\n<p><strong>\u00a0<\/strong><\/p>\n<p><strong>\u00a0<\/strong><\/p>\n<p><strong>Pol\u00edtica de Privacidad\u00a0<\/strong><\/p>\n<p><strong>RGPD (Regulaci\u00f3n General de Protecci\u00f3n de Datos)<\/strong><\/p>\n<p>&nbsp;<\/p>\n<p>En cumplimiento de lo dispuesto en el reglamento (UE) 2016\/679 del Parlamento Europeo y del Consejo, de 27 de abril de 2016, relativo a la protecci\u00f3n de las personas f\u00edsicas en lo que respecta al tratamiento de Datos personales y a la libre circulaci\u00f3n de estos datos y por el que se deroga la Directiva 95\/46\/CE,\u00a0SUMINISTROS FONTANA FONTANERIA Y CALEFACCION S.L. le informa que los datos personales que nos sean proporcionados van a ser incorporados para su tratamiento en ficheros automatizados.<\/p>\n<p><strong>\u00a0<\/strong><\/p>\n<p><strong>RESPONSABLE<\/strong><\/p>\n<p>&nbsp;<\/p>\n<p>SUMINISTROS FONTANA FONTANERIA Y CALEFACCION S.L. &#8211; CIF: B-36.303.154<\/p>\n<p>VERDEAL, 77-A 36957 DOMAIO- MOA\u00d1A (PONTEVEDRA)<\/p>\n<p>Tel\u00e9fono: 986.327.131<\/p>\n<p>E-mail: info@suministrosfontana.com<\/p>\n<p>&nbsp;<\/p>\n<p><strong>FINALIDADES<\/strong><\/p>\n<p>&nbsp;<\/p>\n<p>Trataremos sus datos para la gesti\u00f3n de env\u00edo de informaci\u00f3n y prospecci\u00f3n comercial por e-mail, fax, SMS, MMS, comunidades sociales o cualesquier otro medio electr\u00f3nico o f\u00edsico, presente o futuro. Dichas comunicaciones comerciales ser\u00e1n relacionadas sobre productos o servicios ofrecidos por el prestador, as\u00ed como por parte de los colaboradores o partners con los que \u00e9ste hubiera alcanzado alg\u00fan acuerdo de promoci\u00f3n comercial entre sus clientes.<\/p>\n<p>Tambi\u00e9n para tramitar encargos, solicitudes o cualquier tipo de petici\u00f3n que sea realizada por el usuario a trav\u00e9s de cualquiera de las formas de contacto que se ponen a disposici\u00f3n del usuario en el sitio web de la compa\u00f1\u00eda.<\/p>\n<p>As\u00ed mismo, trataremos sus datos para la gesti\u00f3n y remisi\u00f3n de ofertas de productos y servicios siempre relacionados con nuestra actividad empresarial directa,\u00a0gesti\u00f3n t\u00e9cnica de los mismos y para la gesti\u00f3n\u00a0administrativa, de facturaci\u00f3n y legal referente a los productos y servicios contratados.<\/p>\n<p>&nbsp;<\/p>\n<p><strong>\u00a0<\/strong><\/p>\n<p><strong>\u00a0<\/strong><\/p>\n<p><strong>CONSERVACI\u00d3N<\/strong><\/p>\n<p>&nbsp;<\/p>\n<p>Los datos personales proporcionados se conservar\u00e1n mientras se mantenga la relaci\u00f3n con la entidad y no se solicite su supresi\u00f3n por el interesado, ser\u00e1n conservados conforme a los plazos legales establecidos en materia fiscal y contable, tomando como referencia la \u00faltima comunicaci\u00f3n.<\/p>\n<p>&nbsp;<\/p>\n<p><strong>DECISIONES<\/strong><\/p>\n<p>&nbsp;<\/p>\n<p>La empresa NO tomar\u00e1 decisiones automatizadas, perfiles o l\u00f3gica aplicada a sus datos.<\/p>\n<p>&nbsp;<\/p>\n<p><strong>LEGITIMACI\u00d3N<\/strong><\/p>\n<p>&nbsp;<\/p>\n<p>Como la comunicaci\u00f3n de datos personales es un requisito legal o contractual y un requisito necesario para poder facilitarle informaci\u00f3n, env\u00edo de ofertas, resolver aspectos t\u00e9cnicos o para formalizar un proceso de contrataci\u00f3n de nuestros productos y servicios, se informa al interesado que est\u00e1 obligado a facilitar los datos personales, as\u00ed como datos de la empresa que contrata, y as\u00ed mismo que las consecuencias de no hacerlo pueden suponer la no prestaci\u00f3n del servicio solicitado.<\/p>\n<p>&nbsp;<\/p>\n<p><strong>DESTINATARIOS<\/strong><\/p>\n<p>&nbsp;<\/p>\n<ul>\n<li>Durante el periodo de duraci\u00f3n del tratamiento, SUMINISTROS FONTANA FONTANERIA Y CALEFACCION S.L.. no realizar\u00e1 ninguna cesi\u00f3n, salvo obligaci\u00f3n legal, ni tampoco transferencia alguna.<\/li>\n<\/ul>\n<p>&nbsp;<\/p>\n<ul>\n<li>Opcionalmente se realizar\u00e1n transferencias temporales a los fabricantes de los cuales SUMINISTROS FONTANA FONTANERIA Y CALEFACCION S.L. sea distribuidor autorizado.<\/li>\n<\/ul>\n<p>&nbsp;<\/p>\n<p><strong>DERECHOS<\/strong><\/p>\n<p>&nbsp;<\/p>\n<p>El interesado puede ejercer los siguientes derechos:<\/p>\n<p>&nbsp;<\/p>\n<ul>\n<li>Derecho a solicitar el acceso a sus datos personales.<\/li>\n<li>Derecho a solicitar su rectificaci\u00f3n o supresi\u00f3n.<\/li>\n<li>Derecho a solicitar la limitaci\u00f3n de su tratamiento.<\/li>\n<li>Derecho a oponerse al tratamiento.<\/li>\n<li>Derecho a la portabilidad de los datos.<\/li>\n<li>Derecho a retirar el consentimiento prestado.<\/li>\n<\/ul>\n<p>&nbsp;<\/p>\n<p>Cualquier persona tiene derecho a obtener confirmaci\u00f3n sobre si en SUMINISTROS FONTANA FONTANERIA Y CALEFACCION S.L. \u00a0estamos tratando datos personales que les conciernan, o no. Las personas interesadas tienen derecho a acceder a sus datos personales, as\u00ed como a solicitar la rectificaci\u00f3n de los datos inexactos o, en su caso, solicitar su supresi\u00f3n cuando, entre otros motivos, los datos ya no sean necesarios para los fines que fueron recogidos.<\/p>\n<p>&nbsp;<\/p>\n<p>En determinadas circunstancias, los interesados podr\u00e1n solicitar la limitaci\u00f3n del tratamiento de sus datos, en cuyo caso \u00fanicamente los conservaremos para el ejercicio o la defensa de reclamaciones. En determinadas circunstancias y por motivos relacionados con su situaci\u00f3n particular, los interesados podr\u00e1n oponerse al tratamiento de sus\u00a0datos. En este caso, la entidad,\u00a0dejar\u00e1 de tratar los datos, salvo por motivos leg\u00edtimos imperiosos, o el ejercicio o la defensa de posibles reclamaciones.<\/p>\n<p>&nbsp;<\/p>\n<p>Si ha otorgado su consentimiento para alguna finalidad concreta, tiene derecho a retirar el consentimiento otorgado en cualquier momento, sin que ello afecte a la licitud del tratamiento basado en el consentimiento previo a su retirada<\/p>\n<p>.<\/p>\n<p>Por ello, de conformidad con el reglamento (UE) 2016\/679 del Parlamento Europeo y del Consejo, de 27 de abril de 2016, relativo a la protecci\u00f3n de las personas f\u00edsicas en lo que respecta al tratamiento de Datos personales y a la libre circulaci\u00f3n de estos datos y por el que se deroga la Directiva 95\/46\/CE, podr\u00e1 ejercer sus derechos remitiendo una solicitud expresa.<\/p>\n<p>&nbsp;<\/p>\n<p>Para ello podr\u00e1 dirigir un escrito a SUMINISTROS FONTANA FONTANERIA Y CALEFACCION S.L. (WWW.SUMINISTROSFONTANA.COM), VERDEAL, 77-A 36957 DOMAIO- MOA\u00d1A (PONTEVEDRA)<\/p>\n<p>Con tel\u00e9fono: 986.327.131 y E-mail: info@suministrosfontana.com, junto con la documentaci\u00f3n pertinente que identifique legalmente los datos del solicitante.<\/p>\n<p>&nbsp;<\/p>\n<p>En caso de que sienta vulnerados sus derechos en lo concerniente a la protecci\u00f3n de sus datos personales, especialmente cuando no haya obtenido satisfacci\u00f3n en el ejercicio de sus derechos, puede presentar una reclamaci\u00f3n ante la Autoridad de Control en materia de Protecci\u00f3n de Datos competente, la Agencia Espa\u00f1ola de Protecci\u00f3n de Datos, a trav\u00e9s de su sitio web:\u00a0<a href=\"http:\/\/www.agpd.es\">www.agpd.es<\/a><\/p>\n<p>&nbsp;<\/p>\n<p>&nbsp;<\/p>\n<p><strong>PROCEDENCIA DE LOS DATOS<\/strong><\/p>\n<p>&nbsp;<\/p>\n<p>Los datos personales que tratamos en SUMINISTROS FONTANA FONTANERIA Y CALEFACCION S.L. \u00a0proceden directamente de usted o son de acceso p\u00fablico en internet o desde su p\u00e1gina web de empresa:<\/p>\n<p> Las categor\u00edas de datos que se tratan son:<\/p>\n<p>&nbsp;<\/p>\n<ul>\n<li>Datos b\u00e1sicos de identificaci\u00f3n, personales y de empresa.<\/li>\n<li>C\u00f3digos o claves de identificaci\u00f3nes postales o electr\u00f3nicas<\/li>\n<li>Informaci\u00f3n comercial<\/li>\n<li>Datos econ\u00f3micos<\/li>\n<li>No se tratan datos especialmente protegidos.<\/li>\n<\/ul>\n<p><strong>\u00a0<\/strong><\/p>\n<p><strong>Confidencialidad<\/strong><\/p>\n<p>&nbsp;<\/p>\n<p>Cualquier dato e informaci\u00f3n que sea enviado a SUMINISTROS FONTANA FONTANERIA Y CALEFACCION S.L., cualesquiera que sean su formato y soporte, ser\u00e1 tratado con absoluta confidencialidad y reserva. S\u00f3lo en el caso de que las Fuerzas y Cuerpos de Seguridad del Estado, requieran el acceso a esa informaci\u00f3n, en los estrictos t\u00e9rminos de la legislaci\u00f3n vigente y todos aquellos otros supuestos legalmente establecidos, le ser\u00e1 proporcionada conforme a lo que exige la Ley.<\/p>\n<p>[\/et_pb_text][\/et_pb_column][\/et_pb_row][\/et_pb_section]<\/p>\n","protected":false},"excerpt":{"rendered":"<p>[et_pb_section fb_built=\u00bb1&#8243; _builder_version=\u00bb3.22&#8243;][et_pb_row _builder_version=\u00bb3.25&#8243; background_size=\u00bbinitial\u00bb background_position=\u00bbtop_left\u00bb background_repeat=\u00bbrepeat\u00bb][et_pb_column type=\u00bb4_4&#8243; _builder_version=\u00bb3.25&#8243; custom_padding=\u00bb|||\u00bb custom_padding__hover=\u00bb|||\u00bb][et_pb_text _builder_version=\u00bb3.26.3&#8243;] La titularidad del dominio en internet \u00a0WWW.SUMINISTROSFONTANA.COM\u00a0corresponde a SUMINISTROS FONTANA FONTANERIA Y CALEFACCION S.L., con CIF: B-36.303.154 y con nombre comercial SUMINISTROS FONTANA &nbsp; El uso del sitio web implica la expresa y plena aceptaci\u00f3n de las condiciones aqu\u00ed expuestas, sin perjuicio de&hellip;&nbsp;<a href=\"http:\/\/suministrosfontana.com\/en\/politica-privacidad\/\" class=\"\" rel=\"bookmark\">Read More &raquo;<span class=\"screen-reader-text\">Pol\u00edtica de privacidad<\/span><\/a><\/p>\n","protected":false},"author":1,"featured_media":0,"parent":0,"menu_order":0,"comment_status":"closed","ping_status":"open","template":"","meta":{"neve_meta_sidebar":"","neve_meta_container":"","neve_meta_enable_content_width":"","neve_meta_content_width":0,"neve_meta_title_alignment":"","neve_meta_author_avatar":"","neve_post_elements_order":"","neve_meta_disable_header":"","neve_meta_disable_footer":"","neve_meta_disable_title":"","_joinchat":[],"footnotes":""},"class_list":["post-630","page","type-page","status-publish","hentry"],"_links":{"self":[{"href":"http:\/\/suministrosfontana.com\/en\/wp-json\/wp\/v2\/pages\/630","targetHints":{"allow":["GET"]}}],"collection":[{"href":"http:\/\/suministrosfontana.com\/en\/wp-json\/wp\/v2\/pages"}],"about":[{"href":"http:\/\/suministrosfontana.com\/en\/wp-json\/wp\/v2\/types\/page"}],"author":[{"embeddable":true,"href":"http:\/\/suministrosfontana.com\/en\/wp-json\/wp\/v2\/users\/1"}],"replies":[{"embeddable":true,"href":"http:\/\/suministrosfontana.com\/en\/wp-json\/wp\/v2\/comments?post=630"}],"version-history":[{"count":0,"href":"http:\/\/suministrosfontana.com\/en\/wp-json\/wp\/v2\/pages\/630\/revisions"}],"wp:attachment":[{"href":"http:\/\/suministrosfontana.com\/en\/wp-json\/wp\/v2\/media?parent=630"}],"curies":[{"name":"wp","href":"https:\/\/api.w.org\/{rel}","templated":true}]}}